{"id":120,"date":"2019-07-14T16:46:36","date_gmt":"2019-07-14T16:46:36","guid":{"rendered":"http:\/\/localhost\/?page_id=120"},"modified":"2019-10-22T09:40:53","modified_gmt":"2019-10-22T09:40:53","slug":"sluzby-chlazeni","status":"publish","type":"page","link":"https:\/\/www.bohemiachladpraha.eu\/?page_id=120","title":{"rendered":"Pr\u016fmyslov\u00e9 chlazen\u00ed"},"content":{"rendered":"<p>Nab\u00edz\u00edme kompletn\u00ed \u0159e\u0161en\u00ed dod\u00e1vek strojoven chlazen\u00ed po\u010d\u00ednaje projektov\u00e1n\u00edm, dod\u00e1vkami a&nbsp;mont\u00e1\u017e\u00ed nov\u00fdch za\u0159\u00edzen\u00ed i&nbsp;rekonstrukc\u00ed st\u00e1vaj\u00edc\u00edch strojn\u00edch \u010d\u00e1st\u00ed, dod\u00e1vek n\u00e1hradn\u00edch d\u00edl\u016f v\u010detn\u011b kompletn\u00ed servisn\u00ed \u010dinnosti. <\/p>\n<p>Zaji\u0161\u0165ujeme prov\u00e1d\u011bn\u00ed tepeln\u00fdch izolac\u00ed, minimalizujeme \u010dpavkov\u00e9 n\u00e1pln\u011b v&nbsp;souladu s&nbsp;legislativou EU, prov\u00e1d\u00edme energetick\u00e9 audity v\u010detn\u011b doporu\u010den\u00ed na&nbsp;\u00faspory elektrick\u00e9 energie.<\/p>\n<p>Prod\u00e1v\u00e1me automatiku Danfoss, kau\u010dukov\u00e9 izolace, chlad\u00edrensk\u00e9 a&nbsp;topen\u00e1\u0159sk\u00e9 p\u0159\u00edslu\u0161enstv\u00ed, chladic\u00ed kapalinu Bohemiacool. <\/p>\n","protected":false},"excerpt":{"rendered":"<p>Nab\u00edz\u00edme kompletn\u00ed \u0159e\u0161en\u00ed dod\u00e1vek strojoven chlazen\u00ed po\u010d\u00ednaje projektov\u00e1n\u00edm, dod\u00e1vkami a&nbsp;mont\u00e1\u017e\u00ed nov\u00fdch za\u0159\u00edzen\u00ed i&nbsp;rekonstrukc\u00ed st\u00e1vaj\u00edc\u00edch strojn\u00edch \u010d\u00e1st\u00ed, dod\u00e1vek n\u00e1hradn\u00edch d\u00edl\u016f v\u010detn\u011b kompletn\u00ed servisn\u00ed \u010dinnosti. Zaji\u0161\u0165ujeme prov\u00e1d\u011bn\u00ed tepeln\u00fdch izolac\u00ed, minimalizujeme \u010dpavkov\u00e9 n\u00e1pln\u011b v&nbsp;souladu s&nbsp;legislativou EU [&#8230;]<\/p>\n","protected":false},"author":1,"featured_media":631,"parent":0,"menu_order":0,"comment_status":"closed","ping_status":"closed","template":"pagesluzby.php","meta":{"footnotes":""},"class_list":["post-120","page","type-page","status-publish","has-post-thumbnail","hentry"],"_links":{"self":[{"href":"https:\/\/www.bohemiachladpraha.eu\/index.php?rest_route=\/wp\/v2\/pages\/120","targetHints":{"allow":["GET"]}}],"collection":[{"href":"https:\/\/www.bohemiachladpraha.eu\/index.php?rest_route=\/wp\/v2\/pages"}],"about":[{"href":"https:\/\/www.bohemiachladpraha.eu\/index.php?rest_route=\/wp\/v2\/types\/page"}],"author":[{"embeddable":true,"href":"https:\/\/www.bohemiachladpraha.eu\/index.php?rest_route=\/wp\/v2\/users\/1"}],"replies":[{"embeddable":true,"href":"https:\/\/www.bohemiachladpraha.eu\/index.php?rest_route=%2Fwp%2Fv2%2Fcomments&post=120"}],"version-history":[{"count":17,"href":"https:\/\/www.bohemiachladpraha.eu\/index.php?rest_route=\/wp\/v2\/pages\/120\/revisions"}],"predecessor-version":[{"id":658,"href":"https:\/\/www.bohemiachladpraha.eu\/index.php?rest_route=\/wp\/v2\/pages\/120\/revisions\/658"}],"wp:featuredmedia":[{"embeddable":true,"href":"https:\/\/www.bohemiachladpraha.eu\/index.php?rest_route=\/wp\/v2\/media\/631"}],"wp:attachment":[{"href":"https:\/\/www.bohemiachladpraha.eu\/index.php?rest_route=%2Fwp%2Fv2%2Fmedia&parent=120"}],"curies":[{"name":"wp","href":"https:\/\/api.w.org\/{rel}","templated":true}]}}