{"id":142,"date":"2019-07-15T09:18:22","date_gmt":"2019-07-15T09:18:22","guid":{"rendered":"http:\/\/localhost\/?page_id=142"},"modified":"2019-10-28T12:29:19","modified_gmt":"2019-10-28T12:29:19","slug":"sluzby_tepelna-cerpadla","status":"publish","type":"page","link":"https:\/\/www.bohemiachladpraha.eu\/?page_id=142","title":{"rendered":"Tepeln\u00e1 \u010derpadla"},"content":{"rendered":"<p>Chlazen\u00ed pomoc\u00ed tepeln\u00fdch \u010derpadel je modern\u00ed a&nbsp;pom\u011brn\u011b m\u00e1lo n\u00e1kladn\u00fd zp\u016fsob v\u00fdroby chladu.<br \/>\nSpole\u010dnost <strong>Bohemiachlad Praha, s.r.o.<\/strong> je dodavatelem tepeln\u00fdch \u010derpadel v\u010d. \u0159\u00eddic\u00edch syst\u00e9m\u016f a&nbsp;automatizace. <\/p>\n<p>Nab\u00edz\u00edme \u010dinnost v&nbsp;oboru od designu, projektov\u00e1n\u00ed, in\u017een\u00fdringu, mana\u017eersk\u00e9 \u010dinnosti \u2013 veden\u00ed staveb, a\u017e po&nbsp;samotn\u00e9 dod\u00e1vky a&nbsp;mont\u00e1\u017ee tepeln\u00fdch \u010derpadel na kl\u00ed\u010d. <\/p>\n<p>Firma dod\u00e1v\u00e1 tepeln\u00e1 \u010derpadla v\u010detn\u011b uv\u00e1d\u011bn\u00ed do provozu, monitorov\u00e1n\u00ed okruh\u016f, servisn\u00ed a&nbsp;\u0161kol\u00edc\u00ed \u010dinnosti. <\/p>\n","protected":false},"excerpt":{"rendered":"<p>Chlazen\u00ed pomoc\u00ed tepeln\u00fdch \u010derpadel je modern\u00ed a&nbsp;pom\u011brn\u011b m\u00e1lo n\u00e1kladn\u00fd zp\u016fsob v\u00fdroby chladu. Spole\u010dnost Bohemiachlad Praha, s.r.o. je dodavatelem tepeln\u00fdch \u010derpadel v\u010d. \u0159\u00eddic\u00edch syst\u00e9m\u016f a&nbsp;automatizace. Nab\u00edz\u00edme \u010dinnost v&nbsp;oboru od designu, projektov\u00e1n\u00ed, in\u017een\u00fdringu, mana\u017eersk\u00e9 \u010dinnosti \u2013 veden\u00ed staveb, a\u017e po&nbsp;samotn\u00e9 dod\u00e1vky a&nbsp;mont\u00e1\u017ee tepeln\u00fdch \u010derpadel na kl\u00ed\u010d. Firma dod\u00e1v\u00e1 tepeln\u00e1 \u010derpadla v\u010detn\u011b uv\u00e1d\u011bn\u00ed do provozu, monitorov\u00e1n\u00ed okruh\u016f, servisn\u00ed [&hellip;]<\/p>\n","protected":false},"author":1,"featured_media":492,"parent":0,"menu_order":0,"comment_status":"closed","ping_status":"closed","template":"pagesluzby.php","meta":{"footnotes":""},"class_list":["post-142","page","type-page","status-publish","has-post-thumbnail","hentry"],"_links":{"self":[{"href":"https:\/\/www.bohemiachladpraha.eu\/index.php?rest_route=\/wp\/v2\/pages\/142","targetHints":{"allow":["GET"]}}],"collection":[{"href":"https:\/\/www.bohemiachladpraha.eu\/index.php?rest_route=\/wp\/v2\/pages"}],"about":[{"href":"https:\/\/www.bohemiachladpraha.eu\/index.php?rest_route=\/wp\/v2\/types\/page"}],"author":[{"embeddable":true,"href":"https:\/\/www.bohemiachladpraha.eu\/index.php?rest_route=\/wp\/v2\/users\/1"}],"replies":[{"embeddable":true,"href":"https:\/\/www.bohemiachladpraha.eu\/index.php?rest_route=%2Fwp%2Fv2%2Fcomments&post=142"}],"version-history":[{"count":6,"href":"https:\/\/www.bohemiachladpraha.eu\/index.php?rest_route=\/wp\/v2\/pages\/142\/revisions"}],"predecessor-version":[{"id":641,"href":"https:\/\/www.bohemiachladpraha.eu\/index.php?rest_route=\/wp\/v2\/pages\/142\/revisions\/641"}],"wp:featuredmedia":[{"embeddable":true,"href":"https:\/\/www.bohemiachladpraha.eu\/index.php?rest_route=\/wp\/v2\/media\/492"}],"wp:attachment":[{"href":"https:\/\/www.bohemiachladpraha.eu\/index.php?rest_route=%2Fwp%2Fv2%2Fmedia&parent=142"}],"curies":[{"name":"wp","href":"https:\/\/api.w.org\/{rel}","templated":true}]}}