{"id":145,"date":"2019-07-15T09:22:14","date_gmt":"2019-07-15T09:22:14","guid":{"rendered":"http:\/\/localhost\/?page_id=145"},"modified":"2019-09-22T14:35:26","modified_gmt":"2019-09-22T14:35:26","slug":"sluzby_revize-a-servis","status":"publish","type":"page","link":"https:\/\/www.bohemiachladpraha.eu\/?page_id=145","title":{"rendered":"Revize a servis"},"content":{"rendered":"<p>Krom\u011b dod\u00e1vek a\u00a0mont\u00e1\u017ee zaji\u0161\u0165ujeme:<\/p>\n<ul>\n<li>kompletn\u00ed servis a\u00a0kontrolu provozu chlad\u00edc\u00edch za\u0159\u00edzen\u00ed, kompresorov\u00fdch a\u00a0kondenza\u010dn\u00edch jednotek, \u010derpadel a\u00a0tepeln\u00fdch \u010derpadel<\/li>\n<li>dod\u00e1vky n\u00e1hradn\u00edch d\u00edl\u016f a\u00a0opravy chlad\u00edc\u00edch za\u0159\u00edzen\u00ed, kompresorov\u00fdch a\u00a0kondenza\u010dn\u00edch jednotek, \u010derpadel a\u00a0tepeln\u00fdch \u010derpadel<\/li>\n<li>prov\u00e1d\u00edme kalibraci provozn\u00edch detek\u010dn\u00edch a\u00a0havarijn\u00edch \u010didel a\u00a0po\u017e\u00e1rn\u00edch klapek<\/li>\n<li>specializujeme se na revize chlad\u00edc\u00edch okruh\u016f, stabiln\u00edch tlakov\u00fdch n\u00e1dob, pojistn\u00fdch ventil\u016f, \u010didel NH3 a CO2 a po\u017e\u00e1rn\u00edch klapek<\/li>\n<li>\u0161irok\u00e9mu okruhu z\u00e1kazn\u00edk\u016f nab\u00edz\u00edme a zaji\u0161\u0165ujeme za\u0161kolen\u00ed obsluh chlad\u00edc\u00edch za\u0159\u00edzen\u00ed, vzduchotechniky a tepeln\u00fdch \u010derpadel v\u010detn\u011b za\u0161kolen\u00ed osob zodpov\u011bdn\u00fdch za provoz t\u011bchto za\u0159\u00edzen\u00ed<\/li>\n<\/ul>\n","protected":false},"excerpt":{"rendered":"<p>Krom\u011b dod\u00e1vek a\u00a0mont\u00e1\u017ee zaji\u0161\u0165ujeme: kompletn\u00ed servis a\u00a0kontrolu provozu chlad\u00edc\u00edch za\u0159\u00edzen\u00ed, kompresorov\u00fdch a\u00a0kondenza\u010dn\u00edch jednotek, \u010derpadel a\u00a0tepeln\u00fdch \u010derpadel dod\u00e1vky n\u00e1hradn\u00edch d\u00edl\u016f a\u00a0opravy chlad\u00edc\u00edch za\u0159\u00edzen\u00ed, kompresorov\u00fdch a\u00a0kondenza\u010dn\u00edch jednotek, \u010derpadel a\u00a0tepeln\u00fdch \u010derpadel prov\u00e1d\u00edme kalibraci provozn\u00edch detek\u010dn\u00edch a\u00a0havarijn\u00edch \u010didel a\u00a0po\u017e\u00e1rn\u00edch klapek specializujeme se na revize chlad\u00edc\u00edch okruh\u016f, stabiln\u00edch tlakov\u00fdch n\u00e1dob, pojistn\u00fdch ventil\u016f, \u010didel NH3 a CO2 a po\u017e\u00e1rn\u00edch klapek \u0161irok\u00e9mu [&hellip;]<\/p>\n","protected":false},"author":1,"featured_media":439,"parent":0,"menu_order":0,"comment_status":"closed","ping_status":"closed","template":"pagesluzby.php","meta":{"footnotes":""},"class_list":["post-145","page","type-page","status-publish","has-post-thumbnail","hentry"],"_links":{"self":[{"href":"https:\/\/www.bohemiachladpraha.eu\/index.php?rest_route=\/wp\/v2\/pages\/145","targetHints":{"allow":["GET"]}}],"collection":[{"href":"https:\/\/www.bohemiachladpraha.eu\/index.php?rest_route=\/wp\/v2\/pages"}],"about":[{"href":"https:\/\/www.bohemiachladpraha.eu\/index.php?rest_route=\/wp\/v2\/types\/page"}],"author":[{"embeddable":true,"href":"https:\/\/www.bohemiachladpraha.eu\/index.php?rest_route=\/wp\/v2\/users\/1"}],"replies":[{"embeddable":true,"href":"https:\/\/www.bohemiachladpraha.eu\/index.php?rest_route=%2Fwp%2Fv2%2Fcomments&post=145"}],"version-history":[{"count":7,"href":"https:\/\/www.bohemiachladpraha.eu\/index.php?rest_route=\/wp\/v2\/pages\/145\/revisions"}],"predecessor-version":[{"id":555,"href":"https:\/\/www.bohemiachladpraha.eu\/index.php?rest_route=\/wp\/v2\/pages\/145\/revisions\/555"}],"wp:featuredmedia":[{"embeddable":true,"href":"https:\/\/www.bohemiachladpraha.eu\/index.php?rest_route=\/wp\/v2\/media\/439"}],"wp:attachment":[{"href":"https:\/\/www.bohemiachladpraha.eu\/index.php?rest_route=%2Fwp%2Fv2%2Fmedia&parent=145"}],"curies":[{"name":"wp","href":"https:\/\/api.w.org\/{rel}","templated":true}]}}