{"id":180,"date":"2019-07-19T11:03:24","date_gmt":"2019-07-19T11:03:24","guid":{"rendered":"http:\/\/localhost\/?page_id=180"},"modified":"2019-09-22T14:31:11","modified_gmt":"2019-09-22T14:31:11","slug":"zelena-usporam","status":"publish","type":"page","link":"https:\/\/www.bohemiachladpraha.eu\/?page_id=180","title":{"rendered":"Zelen\u00e1 \u00faspor\u00e1m"},"content":{"rendered":"<p>Jsme \u010dleny organizace <strong>Eurammon<\/strong> <strong>od&nbsp;roku 2004<\/strong> a&nbsp;podstatnou m\u011brou p\u0159isp\u00edv\u00e1me k&nbsp;zlep\u0161en\u00ed \u017eivotn\u00edho prost\u0159ed\u00ed p\u0159edev\u0161\u00edm t\u00edm, \u017ee&nbsp;v&nbsp;na\u0161ich technologi\u00edch pou\u017e\u00edv\u00e1me \u010dpavkov\u00e9 n\u00e1pln\u011b, kter\u00e9&nbsp;nemaj\u00ed \u017e\u00e1dn\u00fd vliv na&nbsp;jeho zhor\u0161en\u00ed. Spolu s&nbsp;na\u0161imi z\u00e1kazn\u00edky se&nbsp;<strong>sna\u017e\u00edme v\u00edce vyu\u017e\u00edvat alternativn\u00ed energie<\/strong>.<\/p>\n<p>D\u00edky n\u00e1mi dod\u00e1van\u00e9mu syst\u00e9mu regulace chladic\u00edch a&nbsp;klimatiza\u010dn\u00edch okruh\u016f z\u00edsk\u00e1te n\u00e1sleduj\u00edc\u00ed v\u00fdhody:<\/p>\n<ul>\n<li>garantovan\u00e9 provozn\u00ed \u00faspory na energii a\u017e 30%<\/li>\n<p><\/p>\n<li>sn\u00ed\u017een\u00ed objemu chladiva v&nbsp;okruhu a\u017e o&nbsp;60% a&nbsp;s&nbsp;t\u00edm souvisej\u00edc\u00ed sn\u00ed\u017een\u00ed provozn\u00edch n\u00e1klad\u016f<\/li>\n<p><\/p>\n<li>v r\u00e1mci servisn\u00ed \u010dinnosti (smlouvy) garantovan\u00fd servisn\u00ed dozor na\u0161eho technika, kter\u00fd bude neust\u00e1le dozorovat V\u00e1\u0161 okruh prost\u0159ednictv\u00edm aktivn\u00edho vzd\u00e1len\u00e9ho \u0159\u00edzen\u00ed, co\u017e sn\u00ed\u017e\u00ed n\u00e1klady na \u00fadr\u017ebu a&nbsp;servis za\u0159\u00edzen\u00ed<\/li>\n<p><\/p>\n<li>pln\u011b automatizovan\u00e9 chladic\u00ed za\u0159\u00edzen\u00ed, kter\u00e9 vylou\u010d\u00ed chyby obsluhy a&nbsp;ochr\u00e1n\u00ed instalovan\u00e9 za\u0159\u00edzen\u00ed p\u0159ed p\u0159\u00edpadn\u00fdm po\u0161kozen\u00edm neodbornou obsluhou nebo v&nbsp;p\u0159\u00edpad\u011b poruchy.\n<\/li>\n<p><\/p>\n<li>provozem chlazen\u00ed \u0159\u00edzen\u00e9m po\u010d\u00edta\u010dem regulovat v\u00fdkony jednotliv\u00fdch apar\u00e1t\u016f a&nbsp;t\u00edm \u0161et\u0159it elektrickou energii.\n<\/li>\n<p>\n<\/ul>\n<p><strong>Dal\u0161\u00edch provozn\u00edch \u00faspor dosahujeme d\u00edky po\u010d\u00edta\u010dem \u0159\u00edzen\u00e9mu n\u00e1st\u0159iku chladiva do v\u00fdm\u011bn\u00edku tepla nebo jin\u00e9ho typu instalovan\u00e9ho chladi\u010de.<\/strong><\/p>\n","protected":false},"excerpt":{"rendered":"<p>Jsme \u010dleny organizace Eurammon od&nbsp;roku 2004 a&nbsp;podstatnou m\u011brou p\u0159isp\u00edv\u00e1me k&nbsp;zlep\u0161en\u00ed \u017eivotn\u00edho prost\u0159ed\u00ed p\u0159edev\u0161\u00edm t\u00edm, \u017ee&nbsp;v&nbsp;na\u0161ich technologi\u00edch pou\u017e\u00edv\u00e1me \u010dpavkov\u00e9 n\u00e1pln\u011b, kter\u00e9&nbsp;nemaj\u00ed \u017e\u00e1dn\u00fd vliv na&nbsp;jeho zhor\u0161en\u00ed. Spolu s&nbsp;na\u0161imi z\u00e1kazn\u00edky se&nbsp;sna\u017e\u00edme v\u00edce vyu\u017e\u00edvat alternativn\u00ed energie. D\u00edky n\u00e1mi dod\u00e1van\u00e9mu syst\u00e9mu regulace chladic\u00edch a&nbsp;klimatiza\u010dn\u00edch okruh\u016f z\u00edsk\u00e1te n\u00e1sleduj\u00edc\u00ed v\u00fdhody: garantovan\u00e9 provozn\u00ed \u00faspory na energii a\u017e 30% sn\u00ed\u017een\u00ed objemu chladiva v&nbsp;okruhu a\u017e [&hellip;]<\/p>\n","protected":false},"author":1,"featured_media":437,"parent":0,"menu_order":0,"comment_status":"closed","ping_status":"closed","template":"pagesluzby.php","meta":{"footnotes":""},"class_list":["post-180","page","type-page","status-publish","has-post-thumbnail","hentry"],"_links":{"self":[{"href":"https:\/\/www.bohemiachladpraha.eu\/index.php?rest_route=\/wp\/v2\/pages\/180","targetHints":{"allow":["GET"]}}],"collection":[{"href":"https:\/\/www.bohemiachladpraha.eu\/index.php?rest_route=\/wp\/v2\/pages"}],"about":[{"href":"https:\/\/www.bohemiachladpraha.eu\/index.php?rest_route=\/wp\/v2\/types\/page"}],"author":[{"embeddable":true,"href":"https:\/\/www.bohemiachladpraha.eu\/index.php?rest_route=\/wp\/v2\/users\/1"}],"replies":[{"embeddable":true,"href":"https:\/\/www.bohemiachladpraha.eu\/index.php?rest_route=%2Fwp%2Fv2%2Fcomments&post=180"}],"version-history":[{"count":9,"href":"https:\/\/www.bohemiachladpraha.eu\/index.php?rest_route=\/wp\/v2\/pages\/180\/revisions"}],"predecessor-version":[{"id":554,"href":"https:\/\/www.bohemiachladpraha.eu\/index.php?rest_route=\/wp\/v2\/pages\/180\/revisions\/554"}],"wp:featuredmedia":[{"embeddable":true,"href":"https:\/\/www.bohemiachladpraha.eu\/index.php?rest_route=\/wp\/v2\/media\/437"}],"wp:attachment":[{"href":"https:\/\/www.bohemiachladpraha.eu\/index.php?rest_route=%2Fwp%2Fv2%2Fmedia&parent=180"}],"curies":[{"name":"wp","href":"https:\/\/api.w.org\/{rel}","templated":true}]}}