{"id":203,"date":"2019-07-20T12:12:04","date_gmt":"2019-07-20T12:12:04","guid":{"rendered":"http:\/\/localhost\/?page_id=203"},"modified":"2019-10-21T07:41:51","modified_gmt":"2019-10-21T07:41:51","slug":"kontakty","status":"publish","type":"page","link":"https:\/\/www.bohemiachladpraha.eu\/?page_id=203","title":{"rendered":"Kontakty"},"content":{"rendered":"<table class=\"table\">\n<thead>\n<\/thead>\n<tbody>\n<tr>\n<td style=\"text-align: left;\"><strong>Bohemiachlad Praha, s.r.o.<\/strong><\/p>\n<p>Mo\u017en\u00e9ho 17<br \/>\n<strong>161 00 PRAHA 6<\/strong><br \/>\nI\u010c: 06582761<br \/>\nDI\u010c: CZ06582761<\/p>\n<p>tel: +420 274 773 546<br \/>\nfax: +420 274 773 546<br \/>\ne-mail: info@bohemiachladpraha.cz\n<\/td>\n<td style=\"text-align: left;\"><iframe loading=\"lazy\" style=\"border: 0; width: 400px; height: 200px;\" title=\"mapa\" src=\"https:\/\/www.google.com\/maps\/embed?pb=!1m18!1m12!1m3!1d2560.4238437086283!2d14.305372924834659!3d50.07835092442814!2m3!1f0!2f0!3f0!3m2!1i1024!2i768!4f13.1!3m3!1m2!1s0x470bbe49e7b6a233%3A0xa728fecad47c7e6c!2sBohemiachlad+spol.+S+R.o.!5e0!3m2!1scs!2scz!4v1562925589711!5m2!1scs!2scz\" width=\"600\" height=\"450\" frameborder=\"0\" allowfullscreen=\"allowfullscreen\"><\/iframe><\/td>\n<\/tr>\n<\/tbody>\n<\/table>\n<p>&nbsp;<\/p>\n","protected":false},"excerpt":{"rendered":"<p>Bohemiachlad Praha, s.r.o. Mo\u017en\u00e9ho 17 161 00 PRAHA 6 I\u010c: 06582761 DI\u010c: CZ06582761 tel: +420 274 773 546 fax: +420 274 773 546 e-mail: info@bohemiachladpraha.cz &nbsp;<\/p>\n","protected":false},"author":1,"featured_media":0,"parent":0,"menu_order":0,"comment_status":"closed","ping_status":"closed","template":"","meta":{"footnotes":""},"class_list":["post-203","page","type-page","status-publish","hentry"],"_links":{"self":[{"href":"https:\/\/www.bohemiachladpraha.eu\/index.php?rest_route=\/wp\/v2\/pages\/203","targetHints":{"allow":["GET"]}}],"collection":[{"href":"https:\/\/www.bohemiachladpraha.eu\/index.php?rest_route=\/wp\/v2\/pages"}],"about":[{"href":"https:\/\/www.bohemiachladpraha.eu\/index.php?rest_route=\/wp\/v2\/types\/page"}],"author":[{"embeddable":true,"href":"https:\/\/www.bohemiachladpraha.eu\/index.php?rest_route=\/wp\/v2\/users\/1"}],"replies":[{"embeddable":true,"href":"https:\/\/www.bohemiachladpraha.eu\/index.php?rest_route=%2Fwp%2Fv2%2Fcomments&post=203"}],"version-history":[{"count":6,"href":"https:\/\/www.bohemiachladpraha.eu\/index.php?rest_route=\/wp\/v2\/pages\/203\/revisions"}],"predecessor-version":[{"id":617,"href":"https:\/\/www.bohemiachladpraha.eu\/index.php?rest_route=\/wp\/v2\/pages\/203\/revisions\/617"}],"wp:attachment":[{"href":"https:\/\/www.bohemiachladpraha.eu\/index.php?rest_route=%2Fwp%2Fv2%2Fmedia&parent=203"}],"curies":[{"name":"wp","href":"https:\/\/api.w.org\/{rel}","templated":true}]}}