{"id":333,"date":"2019-08-08T12:37:31","date_gmt":"2019-08-08T12:37:31","guid":{"rendered":"http:\/\/www.ttysolutions.cz:86\/?page_id=333"},"modified":"2020-07-14T15:08:48","modified_gmt":"2020-07-14T15:08:48","slug":"o-spolecnosti","status":"publish","type":"page","link":"https:\/\/www.bohemiachladpraha.eu\/?page_id=333","title":{"rendered":"O spole\u010dnosti"},"content":{"rendered":"<p>Spole\u010dnost <strong>Bohemiachlad Praha, s.r.o.<\/strong>, je \u00fasp\u011b\u0161n\u00fdm dodavatelem pr\u016fmyslov\u00e9ho \u010dpavkov\u00e9ho chlazen\u00ed &#8211; NH3, pr\u016fmyslov\u00e9 klimatizace a tepeln\u00fdch \u010derpadel v\u010detn\u011b \u0159\u00eddic\u00edch syst\u00e9m\u016f a automatizace. Na\u0161\u00ed hlavn\u00ed \u010dinnost\u00ed je kompletn\u00ed \u0159e\u0161en\u00ed dod\u00e1vek strojoven chlazen\u00ed pro potravin\u00e1\u0159sk\u00e9, chemick\u00e9 a dal\u0161\u00ed projekty. Nab\u00edz\u00edme kompletn\u00ed \u0159e\u0161en\u00ed dod\u00e1vek strojoven chlazen\u00ed, projektov\u00e1n\u00ed, dod\u00e1vek a mont\u00e1\u017e\u00ed nov\u00fdch za\u0159\u00edzen\u00ed i rekonstrukc\u00ed st\u00e1vaj\u00edc\u00edch strojn\u00edch \u010d\u00e1st\u00ed, dod\u00e1vek n\u00e1hradn\u00edch d\u00edl\u016f v\u010detn\u011b kompletn\u00ed servisn\u00ed \u010dinnosti.<\/p>\n<p>Na\u0161\u00ed snahou je maxim\u00e1ln\u00ed ohleduplnost v\u016f\u010di \u017eivotn\u00edmu prost\u0159ed\u00ed. \u0158\u00edd\u00edme se ustanoven\u00edmi spole\u010dnosti <a href=\"http:\/\/www.eurammon.com\/\" target=\"_blank\" rel=\"noopener noreferrer\"><strong>Eurammon<\/strong><\/a>, co\u017e je spole\u010dn\u00e1 iniciativa spole\u010dnost\u00ed, instituc\u00ed a jednotlivc\u016f, kte\u0159\u00ed se zav\u00e1zali zv\u00fd\u0161it vyu\u017e\u00edv\u00e1n\u00ed p\u0159\u00edrodn\u00edch chladiv. Orientujeme se p\u0159edev\u0161\u00edm na dod\u00e1vky za\u0159\u00edzen\u00ed pracuj\u00edc\u00edch na b\u00e1zi \u010dpavku \u2013 NH3, co\u017e pln\u011b odpov\u00edd\u00e1 modern\u00edmu trendu s ohledem na boj proti glob\u00e1ln\u00edmu oteplov\u00e1n\u00ed a rovn\u011b\u017e to vede ke sni\u017eov\u00e1n\u00ed bezpe\u010dnostn\u00edch rizik v provozu. D\u00e1le propagujeme pou\u017e\u00edv\u00e1n\u00ed pou\u017e\u00edv\u00e1n\u00ed nemrznouc\u00ed antikorozn\u00ed kapaliny na b\u00e1zi glycerinu <strong>BOHEMIACOOL G \u2013 12\u2103<\/strong>, kter\u00e1 je ur\u010dena pro p\u0159enos tepla (chladu) v oblasti pr\u016fmyslov\u00e9ho chlazen\u00ed a mraz\u00edrensk\u00fdch technologi\u00ed a kter\u00e1 je velmi \u0161etrn\u00e1 k \u017eivotn\u00edmu prost\u0159ed\u00ed.<\/p>\n<p><strong>Stru\u010dn\u00e1 historie firmy<\/strong><\/p>\n<p>Sou\u010dasn\u00ed majitel\u00e9 navazuj\u00ed na \u010dinnost b\u00fdval\u00e9 spole\u010dnosti <strong>STROJOBAL, a.s. v\u00fdrobn\u00ed z\u00e1vod \u2013 Praha<\/strong>, kde oba dlouhodob\u011b p\u016fsobili a kter\u00e1 m\u011bla dlouholetou tradici m.j. v oblasti chlad\u00edrensk\u00e9 a mraz\u00edrensk\u00e9 technologie.<br \/>\nSpole\u010dnost <strong>Bohemiachlad Praha, s.r.o.<\/strong>, je firma realiza\u010dn\u00ed s p\u016fsobnost\u00ed p\u0159ev\u00e1\u017en\u011b na \u010desk\u00e9m a slovensk\u00e9m trhu.<\/p>\n","protected":false},"excerpt":{"rendered":"<p>Spole\u010dnost Bohemiachlad Praha, s.r.o., je \u00fasp\u011b\u0161n\u00fdm dodavatelem pr\u016fmyslov\u00e9ho \u010dpavkov\u00e9ho chlazen\u00ed &#8211; NH3, pr\u016fmyslov\u00e9 klimatizace a tepeln\u00fdch \u010derpadel v\u010detn\u011b \u0159\u00eddic\u00edch syst\u00e9m\u016f a automatizace. Na\u0161\u00ed hlavn\u00ed \u010dinnost\u00ed je kompletn\u00ed \u0159e\u0161en\u00ed dod\u00e1vek strojoven chlazen\u00ed pro potravin\u00e1\u0159sk\u00e9, chemick\u00e9 a dal\u0161\u00ed projekty. Nab\u00edz\u00edme kompletn\u00ed \u0159e\u0161en\u00ed dod\u00e1vek strojoven chlazen\u00ed, projektov\u00e1n\u00ed, dod\u00e1vek a mont\u00e1\u017e\u00ed nov\u00fdch za\u0159\u00edzen\u00ed i rekonstrukc\u00ed st\u00e1vaj\u00edc\u00edch strojn\u00edch \u010d\u00e1st\u00ed, dod\u00e1vek [&hellip;]<\/p>\n","protected":false},"author":1,"featured_media":0,"parent":0,"menu_order":0,"comment_status":"closed","ping_status":"closed","template":"","meta":{"footnotes":""},"class_list":["post-333","page","type-page","status-publish","hentry"],"_links":{"self":[{"href":"https:\/\/www.bohemiachladpraha.eu\/index.php?rest_route=\/wp\/v2\/pages\/333","targetHints":{"allow":["GET"]}}],"collection":[{"href":"https:\/\/www.bohemiachladpraha.eu\/index.php?rest_route=\/wp\/v2\/pages"}],"about":[{"href":"https:\/\/www.bohemiachladpraha.eu\/index.php?rest_route=\/wp\/v2\/types\/page"}],"author":[{"embeddable":true,"href":"https:\/\/www.bohemiachladpraha.eu\/index.php?rest_route=\/wp\/v2\/users\/1"}],"replies":[{"embeddable":true,"href":"https:\/\/www.bohemiachladpraha.eu\/index.php?rest_route=%2Fwp%2Fv2%2Fcomments&post=333"}],"version-history":[{"count":30,"href":"https:\/\/www.bohemiachladpraha.eu\/index.php?rest_route=\/wp\/v2\/pages\/333\/revisions"}],"predecessor-version":[{"id":755,"href":"https:\/\/www.bohemiachladpraha.eu\/index.php?rest_route=\/wp\/v2\/pages\/333\/revisions\/755"}],"wp:attachment":[{"href":"https:\/\/www.bohemiachladpraha.eu\/index.php?rest_route=%2Fwp%2Fv2%2Fmedia&parent=333"}],"curies":[{"name":"wp","href":"https:\/\/api.w.org\/{rel}","templated":true}]}}