{"id":459,"date":"2019-09-04T07:19:44","date_gmt":"2019-09-04T07:19:44","guid":{"rendered":"http:\/\/www.ttysolutions.cz:86\/?page_id=459"},"modified":"2019-09-22T14:38:19","modified_gmt":"2019-09-22T14:38:19","slug":"dalsi-rozvoj-firmy","status":"publish","type":"page","link":"https:\/\/www.bohemiachladpraha.eu\/?page_id=459","title":{"rendered":"Dal\u0161\u00ed rozvoj firmy"},"content":{"rendered":"<p>Z\u00e1kladem \u00fasp\u011bchu firmy je\u00a0kolektiv zku\u0161en\u00fdch odborn\u00edk\u016f s\u00a0mnohaletou prax\u00ed, kter\u00fd\u00a0spolupracuje s\u00a0mnoha specializovan\u00fdmi pracovi\u0161ti a\u00a0firmami na\u00a0b\u00e1zi outsourcingu. Pro\u00a0dal\u0161\u00ed rozvoj firmy je\u00a0zde velk\u00fd prostor pro\u00a0n\u00e1stup nov\u00fdch specialist\u016f, a\u0165 u\u017e za\u010d\u00e1te\u010dn\u00edk\u016f, kte\u0159\u00ed maj\u00ed mo\u017enost se\u00a0v\u00a0praxi nau\u010dit t\u00e9to vysoce specializovan\u00e9 odbornosti, tak\u00a0i\u00a0pro\u00a0technick\u00e9 pracovn\u00edky se\u00a0st\u0159edn\u00edm a\u00a0vysoko\u0161kolsk\u00fdm vzd\u011bl\u00e1n\u00edm, kte\u0159\u00ed tak\u00a0mohou z\u00edskat dal\u0161\u00ed .praxi v\u00a0tomto oboru.<\/p>\n<p>Pro pos\u00edlen\u00ed na\u0161ich \u0159ad hled\u00e1me p\u0159edev\u0161\u00edm:<\/p>\n<ul>\n<li>projektanty<\/li>\n<li>stroja\u0159e<\/li>\n<li>potrub\u00e1\u0159e<\/li>\n<li>sv\u00e1\u0159e\u010de<\/li>\n<li>realiz\u00e1tory<\/li>\n<li>servisn\u00ed techniky<\/li>\n<\/ul>\n<p>a\u00a0dal\u0161\u00ed techniky, kte\u0159\u00ed mohou cestovat po\u00a0cel\u00e9 St\u0159edn\u00ed Evrop\u011b, jazykov\u00e9 znalosti jsou v\u00edt\u00e1ny.<\/p>\n","protected":false},"excerpt":{"rendered":"<p>Z\u00e1kladem \u00fasp\u011bchu firmy je\u00a0kolektiv zku\u0161en\u00fdch odborn\u00edk\u016f s\u00a0mnohaletou prax\u00ed, kter\u00fd\u00a0spolupracuje s\u00a0mnoha specializovan\u00fdmi pracovi\u0161ti a\u00a0firmami na\u00a0b\u00e1zi outsourcingu. Pro\u00a0dal\u0161\u00ed rozvoj firmy je\u00a0zde velk\u00fd prostor pro\u00a0n\u00e1stup nov\u00fdch specialist\u016f, a\u0165 u\u017e za\u010d\u00e1te\u010dn\u00edk\u016f, kte\u0159\u00ed maj\u00ed mo\u017enost se\u00a0v\u00a0praxi nau\u010dit t\u00e9to vysoce specializovan\u00e9 odbornosti, tak\u00a0i\u00a0pro\u00a0technick\u00e9 pracovn\u00edky se\u00a0st\u0159edn\u00edm a\u00a0vysoko\u0161kolsk\u00fdm vzd\u011bl\u00e1n\u00edm, kte\u0159\u00ed tak\u00a0mohou z\u00edskat dal\u0161\u00ed .praxi v\u00a0tomto oboru. Pro pos\u00edlen\u00ed na\u0161ich \u0159ad hled\u00e1me p\u0159edev\u0161\u00edm: projektanty [&hellip;]<\/p>\n","protected":false},"author":1,"featured_media":0,"parent":0,"menu_order":0,"comment_status":"closed","ping_status":"closed","template":"","meta":{"footnotes":""},"class_list":["post-459","page","type-page","status-publish","hentry"],"_links":{"self":[{"href":"https:\/\/www.bohemiachladpraha.eu\/index.php?rest_route=\/wp\/v2\/pages\/459","targetHints":{"allow":["GET"]}}],"collection":[{"href":"https:\/\/www.bohemiachladpraha.eu\/index.php?rest_route=\/wp\/v2\/pages"}],"about":[{"href":"https:\/\/www.bohemiachladpraha.eu\/index.php?rest_route=\/wp\/v2\/types\/page"}],"author":[{"embeddable":true,"href":"https:\/\/www.bohemiachladpraha.eu\/index.php?rest_route=\/wp\/v2\/users\/1"}],"replies":[{"embeddable":true,"href":"https:\/\/www.bohemiachladpraha.eu\/index.php?rest_route=%2Fwp%2Fv2%2Fcomments&post=459"}],"version-history":[{"count":4,"href":"https:\/\/www.bohemiachladpraha.eu\/index.php?rest_route=\/wp\/v2\/pages\/459\/revisions"}],"predecessor-version":[{"id":557,"href":"https:\/\/www.bohemiachladpraha.eu\/index.php?rest_route=\/wp\/v2\/pages\/459\/revisions\/557"}],"wp:attachment":[{"href":"https:\/\/www.bohemiachladpraha.eu\/index.php?rest_route=%2Fwp%2Fv2%2Fmedia&parent=459"}],"curies":[{"name":"wp","href":"https:\/\/api.w.org\/{rel}","templated":true}]}}