{"id":764,"date":"2025-11-19T10:42:11","date_gmt":"2025-11-19T10:42:11","guid":{"rendered":"https:\/\/www.bohemiachladpraha.eu\/?page_id=764"},"modified":"2026-02-03T20:08:02","modified_gmt":"2026-02-03T20:08:02","slug":"projekty-eu","status":"publish","type":"page","link":"https:\/\/www.bohemiachladpraha.eu\/?page_id=764","title":{"rendered":"Projekty EU"},"content":{"rendered":"<p>P\u0159edm\u011btem a c\u00edlem projektu s n\u00e1zvem &#8220;FVE v\u010d. akumulace &#8211; BOHEMIACHLAD Praha s.r.o.&#8221;, reg. \u010d. 7241100752, je instalace st\u0159e\u0161n\u00edho FVE syst\u00e9mu o celkov\u00e9m v\u00fdkonu 16,20 kWp s akumulac\u00ed o kapacit\u011b 23,2 kWh.<\/p>\n<p>P\u0159\u00ednosem projektu je sn\u00ed\u017een\u00ed emis\u00ed sklen\u00edkov\u00fdch plyn\u016f, modernizace energetick\u00fdch syst\u00e9m\u016f a zv\u00fd\u0161en\u00ed pod\u00edlu OZE na kone\u010dn\u00e9 spot\u0159eb\u011b energie.<\/p>\n<p>Tento moderniza\u010dn\u00ed projekt je spolufinancov\u00e1n EU ze syst\u00e9mu pro obchodov\u00e1n\u00ed s emisemi prost\u0159ednictv\u00edm Moderniza\u010dn\u00edho fondu. V\u00fd\u0161e podpory tohoto projektu \u010din\u00ed 244 609,22 K\u010d.<\/p>\n<p><img loading=\"lazy\" decoding=\"async\" class=\"alignnone wp-image-765 size-large\" src=\"http:\/\/www.bohemiachladpraha.eu\/wp-content\/uploads\/2025\/11\/Skupina-log_System-EU_MZP_SFZP-CR_barva-1024x126.png\" alt=\"\" width=\"1024\" height=\"126\" srcset=\"https:\/\/www.bohemiachladpraha.eu\/wp-content\/uploads\/2025\/11\/Skupina-log_System-EU_MZP_SFZP-CR_barva-1024x126.png 1024w, https:\/\/www.bohemiachladpraha.eu\/wp-content\/uploads\/2025\/11\/Skupina-log_System-EU_MZP_SFZP-CR_barva-300x37.png 300w, https:\/\/www.bohemiachladpraha.eu\/wp-content\/uploads\/2025\/11\/Skupina-log_System-EU_MZP_SFZP-CR_barva-768x94.png 768w, https:\/\/www.bohemiachladpraha.eu\/wp-content\/uploads\/2025\/11\/Skupina-log_System-EU_MZP_SFZP-CR_barva-1536x188.png 1536w, https:\/\/www.bohemiachladpraha.eu\/wp-content\/uploads\/2025\/11\/Skupina-log_System-EU_MZP_SFZP-CR_barva-2048x251.png 2048w\" sizes=\"auto, (max-width: 1024px) 100vw, 1024px\" \/><\/p>\n<p><img loading=\"lazy\" decoding=\"async\" class=\"alignnone size-medium wp-image-777\" src=\"http:\/\/www.bohemiachladpraha.eu\/wp-content\/uploads\/2025\/11\/IMG_20251119_115525_small-300x225.jpg\" alt=\"\" width=\"300\" height=\"225\" srcset=\"https:\/\/www.bohemiachladpraha.eu\/wp-content\/uploads\/2025\/11\/IMG_20251119_115525_small-300x225.jpg 300w, https:\/\/www.bohemiachladpraha.eu\/wp-content\/uploads\/2025\/11\/IMG_20251119_115525_small-768x576.jpg 768w, https:\/\/www.bohemiachladpraha.eu\/wp-content\/uploads\/2025\/11\/IMG_20251119_115525_small.jpg 1024w\" sizes=\"auto, (max-width: 300px) 100vw, 300px\" \/>\u00a0 <img loading=\"lazy\" decoding=\"async\" class=\"alignnone size-medium wp-image-778\" src=\"http:\/\/www.bohemiachladpraha.eu\/wp-content\/uploads\/2025\/11\/IMG_20251119_115540_small-300x225.jpg\" alt=\"\" width=\"300\" height=\"225\" srcset=\"https:\/\/www.bohemiachladpraha.eu\/wp-content\/uploads\/2025\/11\/IMG_20251119_115540_small-300x225.jpg 300w, https:\/\/www.bohemiachladpraha.eu\/wp-content\/uploads\/2025\/11\/IMG_20251119_115540_small-768x576.jpg 768w, https:\/\/www.bohemiachladpraha.eu\/wp-content\/uploads\/2025\/11\/IMG_20251119_115540_small.jpg 1024w\" sizes=\"auto, (max-width: 300px) 100vw, 300px\" \/>\u00a0 <img loading=\"lazy\" decoding=\"async\" class=\"alignnone size-medium wp-image-784\" src=\"http:\/\/www.bohemiachladpraha.eu\/wp-content\/uploads\/2026\/01\/Plakat_A3-214x300.png\" alt=\"\" width=\"214\" height=\"300\" srcset=\"https:\/\/www.bohemiachladpraha.eu\/wp-content\/uploads\/2026\/01\/Plakat_A3-214x300.png 214w, https:\/\/www.bohemiachladpraha.eu\/wp-content\/uploads\/2026\/01\/Plakat_A3.png 548w\" sizes=\"auto, (max-width: 214px) 100vw, 214px\" \/>\u00a0 <img loading=\"lazy\" decoding=\"async\" class=\"alignnone size-medium wp-image-783\" src=\"http:\/\/www.bohemiachladpraha.eu\/wp-content\/uploads\/2026\/01\/20260112_145256_small-300x225.jpg\" alt=\"\" width=\"300\" height=\"225\" srcset=\"https:\/\/www.bohemiachladpraha.eu\/wp-content\/uploads\/2026\/01\/20260112_145256_small-300x225.jpg 300w, https:\/\/www.bohemiachladpraha.eu\/wp-content\/uploads\/2026\/01\/20260112_145256_small-768x576.jpg 768w, https:\/\/www.bohemiachladpraha.eu\/wp-content\/uploads\/2026\/01\/20260112_145256_small.jpg 1024w\" sizes=\"auto, (max-width: 300px) 100vw, 300px\" \/>\u00a0 <img loading=\"lazy\" decoding=\"async\" class=\"alignnone size-medium wp-image-782\" src=\"http:\/\/www.bohemiachladpraha.eu\/wp-content\/uploads\/2026\/01\/20260112_145244_small-300x225.jpg\" alt=\"\" width=\"300\" height=\"225\" srcset=\"https:\/\/www.bohemiachladpraha.eu\/wp-content\/uploads\/2026\/01\/20260112_145244_small-300x225.jpg 300w, https:\/\/www.bohemiachladpraha.eu\/wp-content\/uploads\/2026\/01\/20260112_145244_small-768x576.jpg 768w, https:\/\/www.bohemiachladpraha.eu\/wp-content\/uploads\/2026\/01\/20260112_145244_small.jpg 1024w\" sizes=\"auto, (max-width: 300px) 100vw, 300px\" \/><\/p>\n","protected":false},"excerpt":{"rendered":"<p>P\u0159edm\u011btem a c\u00edlem projektu s n\u00e1zvem &#8220;FVE v\u010d. akumulace &#8211; BOHEMIACHLAD Praha s.r.o.&#8221;, reg. \u010d. 7241100752, je instalace st\u0159e\u0161n\u00edho FVE syst\u00e9mu o celkov\u00e9m v\u00fdkonu 16,20 kWp s akumulac\u00ed o kapacit\u011b 23,2 kWh. P\u0159\u00ednosem projektu je sn\u00ed\u017een\u00ed emis\u00ed sklen\u00edkov\u00fdch plyn\u016f, modernizace energetick\u00fdch syst\u00e9m\u016f a zv\u00fd\u0161en\u00ed pod\u00edlu OZE na kone\u010dn\u00e9 spot\u0159eb\u011b energie. Tento moderniza\u010dn\u00ed projekt je spolufinancov\u00e1n [&hellip;]<\/p>\n","protected":false},"author":4,"featured_media":0,"parent":333,"menu_order":0,"comment_status":"closed","ping_status":"closed","template":"","meta":{"footnotes":""},"class_list":["post-764","page","type-page","status-publish","hentry"],"_links":{"self":[{"href":"https:\/\/www.bohemiachladpraha.eu\/index.php?rest_route=\/wp\/v2\/pages\/764","targetHints":{"allow":["GET"]}}],"collection":[{"href":"https:\/\/www.bohemiachladpraha.eu\/index.php?rest_route=\/wp\/v2\/pages"}],"about":[{"href":"https:\/\/www.bohemiachladpraha.eu\/index.php?rest_route=\/wp\/v2\/types\/page"}],"author":[{"embeddable":true,"href":"https:\/\/www.bohemiachladpraha.eu\/index.php?rest_route=\/wp\/v2\/users\/4"}],"replies":[{"embeddable":true,"href":"https:\/\/www.bohemiachladpraha.eu\/index.php?rest_route=%2Fwp%2Fv2%2Fcomments&post=764"}],"version-history":[{"count":8,"href":"https:\/\/www.bohemiachladpraha.eu\/index.php?rest_route=\/wp\/v2\/pages\/764\/revisions"}],"predecessor-version":[{"id":792,"href":"https:\/\/www.bohemiachladpraha.eu\/index.php?rest_route=\/wp\/v2\/pages\/764\/revisions\/792"}],"up":[{"embeddable":true,"href":"https:\/\/www.bohemiachladpraha.eu\/index.php?rest_route=\/wp\/v2\/pages\/333"}],"wp:attachment":[{"href":"https:\/\/www.bohemiachladpraha.eu\/index.php?rest_route=%2Fwp%2Fv2%2Fmedia&parent=764"}],"curies":[{"name":"wp","href":"https:\/\/api.w.org\/{rel}","templated":true}]}}